{"id":10,"date":"2022-07-01T18:59:54","date_gmt":"2022-07-01T18:59:54","guid":{"rendered":"https:\/\/atelier-aha.ch\/?page_id=10"},"modified":"2022-09-17T09:57:03","modified_gmt":"2022-09-17T08:57:03","slug":"kontakt","status":"publish","type":"page","link":"https:\/\/atelier-aha.ch\/index.php\/kontakt\/","title":{"rendered":"Kontakt"},"content":{"rendered":"\n<p>Kontaktiere uns, falls du meine Bilder im Atelier anschauen m\u00f6chtest, dich der Raum interessiert oder mit deiner Idee nutzen m\u00f6chtest.<\/p>\n\n\n\n<h6 class=\"wp-block-heading\">Hier findest du uns<\/h6>\n\n\n\n<p><strong>Adresse<\/strong><br>Schellenstrasse 42, 8708 M\u00e4nnedorf<\/p>\n\n\n\n<p><strong>\u00d6ffnungszeiten<\/strong> Kontaktiere mich um einen Termin zu vereinbaren, so dass ich sicher anwesend bin, wenn Du vorbeikommen m\u00f6chtest.<\/p>\n\n\n\n<p><\/p>\n\n\n\n<p> <a href=\"mailto:andreahangartner@hotmail.com\">Schreibe mir ein E-Mail<\/a><\/p>\n","protected":false},"excerpt":{"rendered":"<p>Kontaktiere uns, falls du meine Bilder im Atelier anschauen m\u00f6chtest, dich der Raum interessiert oder mit deiner Idee nutzen m\u00f6chtest. Hier findest du uns AdresseSchellenstrasse 42, 8708 M\u00e4nnedorf \u00d6ffnungszeiten Kontaktiere mich um einen Termin zu vereinbaren, so dass ich sicher anwesend bin, wenn Du vorbeikommen m\u00f6chtest. Schreibe mir ein E-Mail<\/p>\n","protected":false},"author":1,"featured_media":51,"parent":0,"menu_order":0,"comment_status":"closed","ping_status":"closed","template":"","meta":{"footnotes":""},"class_list":["post-10","page","type-page","status-publish","has-post-thumbnail","hentry"],"_links":{"self":[{"href":"https:\/\/atelier-aha.ch\/index.php\/wp-json\/wp\/v2\/pages\/10","targetHints":{"allow":["GET"]}}],"collection":[{"href":"https:\/\/atelier-aha.ch\/index.php\/wp-json\/wp\/v2\/pages"}],"about":[{"href":"https:\/\/atelier-aha.ch\/index.php\/wp-json\/wp\/v2\/types\/page"}],"author":[{"embeddable":true,"href":"https:\/\/atelier-aha.ch\/index.php\/wp-json\/wp\/v2\/users\/1"}],"replies":[{"embeddable":true,"href":"https:\/\/atelier-aha.ch\/index.php\/wp-json\/wp\/v2\/comments?post=10"}],"version-history":[{"count":10,"href":"https:\/\/atelier-aha.ch\/index.php\/wp-json\/wp\/v2\/pages\/10\/revisions"}],"predecessor-version":[{"id":318,"href":"https:\/\/atelier-aha.ch\/index.php\/wp-json\/wp\/v2\/pages\/10\/revisions\/318"}],"wp:featuredmedia":[{"embeddable":true,"href":"https:\/\/atelier-aha.ch\/index.php\/wp-json\/wp\/v2\/media\/51"}],"wp:attachment":[{"href":"https:\/\/atelier-aha.ch\/index.php\/wp-json\/wp\/v2\/media?parent=10"}],"curies":[{"name":"wp","href":"https:\/\/api.w.org\/{rel}","templated":true}]}}