{"id":44,"date":"2022-07-01T19:39:03","date_gmt":"2022-07-01T18:39:03","guid":{"rendered":"https:\/\/atelier-aha.ch\/?page_id=44"},"modified":"2022-10-14T12:56:21","modified_gmt":"2022-10-14T11:56:21","slug":"atelier","status":"publish","type":"page","link":"https:\/\/atelier-aha.ch\/index.php\/atelier\/","title":{"rendered":"Das Atelier"},"content":{"rendered":"\n<p>Das Atelier aha liegt eingebettet in wilder Vegetation im Schellenquartier (N\u00e4he Boldern) in M\u00e4nnedorf am Z\u00fcrichsee.<\/p>\n\n\n\n<p>Es ist nicht nur der kreative Arbeitsort der Malerin Andrea Hangartner, sondern zugleich Ausstellungsort, Konzertraum, und bietet auch Platz f\u00fcr z.B. Workshops &#8211;&nbsp;ein vielseitig nutzbarer Raum mit kleiner B\u00fchne und Platz f\u00fcr ungef\u00e4hr 40 G\u00e4ste.<\/p>\n\n\n\n<p>Der Neubau ist seit Januar 2022 fertig. Das eingeschossige Haus ist vollst\u00e4ndig aus massiven Stampflehmw\u00e4nden gebaut.&nbsp;Die charakteristischen W\u00e4nde&nbsp;verleihen dem Raum eine handwerkliche und ruhige Atmosph\u00e4re. Dank den Eigenschaften des Lehms ist die Luftfeuchtigkeit und die Temperatur optimal und angenehm reguliert.<\/p>\n\n\n\n<p>Die Architektur ist aufs Minimalste reduziert, der Raum wirkt beruhigend und zugleich inspirierend.<\/p>\n\n\n\n<p>Kontaktiere uns, falls du den Raum besichtigen oder mit deiner Idee nutzen m\u00f6chtest.<\/p>\n\n\n\n<figure class=\"wp-block-image size-large\"><img fetchpriority=\"high\" decoding=\"async\" width=\"1024\" height=\"640\" src=\"https:\/\/atelier-aha.ch\/wp-content\/uploads\/2022\/07\/cropped-DSC_1542-02-scaled-1-1024x640.jpeg\" alt=\"\" class=\"wp-image-125\" srcset=\"https:\/\/atelier-aha.ch\/wp-content\/uploads\/2022\/07\/cropped-DSC_1542-02-scaled-1-1024x640.jpeg 1024w, https:\/\/atelier-aha.ch\/wp-content\/uploads\/2022\/07\/cropped-DSC_1542-02-scaled-1-300x188.jpeg 300w, https:\/\/atelier-aha.ch\/wp-content\/uploads\/2022\/07\/cropped-DSC_1542-02-scaled-1-768x480.jpeg 768w, https:\/\/atelier-aha.ch\/wp-content\/uploads\/2022\/07\/cropped-DSC_1542-02-scaled-1-1240x775.jpeg 1240w, https:\/\/atelier-aha.ch\/wp-content\/uploads\/2022\/07\/cropped-DSC_1542-02-scaled-1-508x318.jpeg 508w, https:\/\/atelier-aha.ch\/wp-content\/uploads\/2022\/07\/cropped-DSC_1542-02-scaled-1.jpeg 1440w\" sizes=\"(max-width: 1024px) 100vw, 1024px\" \/><\/figure>\n\n\n\n<div class=\"wp-block-buttons is-content-justification-center is-layout-flex wp-container-core-buttons-is-layout-28206b41 wp-block-buttons-is-layout-flex\">\n<div class=\"wp-block-button aligncenter\"><a class=\"wp-block-button__link\" href=\"https:\/\/www.krecl.ch\/\" target=\"_blank\" rel=\"noreferrer noopener\">Mehr infos zum architekten<\/a><\/div>\n<\/div>\n\n\n\n<div class=\"wp-block-buttons is-content-justification-center is-layout-flex wp-container-core-buttons-is-layout-16018d1d wp-block-buttons-is-layout-flex\">\n<div class=\"wp-block-button\"><a class=\"wp-block-button__link\" href=\"https:\/\/www.swiss-architects.com\/de\/architecture-news\/bau-der-woche\/aus-dem-hugel-gestampft-eine-zeitgenossische-kasbah\" target=\"_blank\" rel=\"noreferrer noopener\">Mehr zum Bau lesen<\/a><\/div>\n<\/div>\n","protected":false},"excerpt":{"rendered":"<p>Das Atelier aha liegt eingebettet in wilder Vegetation im Schellenquartier (N\u00e4he Boldern) in M\u00e4nnedorf am Z\u00fcrichsee. Es ist nicht nur der kreative Arbeitsort der Malerin Andrea Hangartner, sondern zugleich Ausstellungsort, Konzertraum, und bietet auch Platz f\u00fcr z.B. Workshops &#8211;&nbsp;ein vielseitig nutzbarer Raum mit kleiner B\u00fchne und Platz f\u00fcr ungef\u00e4hr 40 G\u00e4ste. Der Neubau ist seit [&hellip;]<\/p>\n","protected":false},"author":1,"featured_media":0,"parent":0,"menu_order":0,"comment_status":"closed","ping_status":"closed","template":"elementor_theme","meta":{"footnotes":""},"class_list":["post-44","page","type-page","status-publish","hentry"],"_links":{"self":[{"href":"https:\/\/atelier-aha.ch\/index.php\/wp-json\/wp\/v2\/pages\/44","targetHints":{"allow":["GET"]}}],"collection":[{"href":"https:\/\/atelier-aha.ch\/index.php\/wp-json\/wp\/v2\/pages"}],"about":[{"href":"https:\/\/atelier-aha.ch\/index.php\/wp-json\/wp\/v2\/types\/page"}],"author":[{"embeddable":true,"href":"https:\/\/atelier-aha.ch\/index.php\/wp-json\/wp\/v2\/users\/1"}],"replies":[{"embeddable":true,"href":"https:\/\/atelier-aha.ch\/index.php\/wp-json\/wp\/v2\/comments?post=44"}],"version-history":[{"count":26,"href":"https:\/\/atelier-aha.ch\/index.php\/wp-json\/wp\/v2\/pages\/44\/revisions"}],"predecessor-version":[{"id":327,"href":"https:\/\/atelier-aha.ch\/index.php\/wp-json\/wp\/v2\/pages\/44\/revisions\/327"}],"wp:attachment":[{"href":"https:\/\/atelier-aha.ch\/index.php\/wp-json\/wp\/v2\/media?parent=44"}],"curies":[{"name":"wp","href":"https:\/\/api.w.org\/{rel}","templated":true}]}}