{"id":74,"date":"2022-07-02T19:27:43","date_gmt":"2022-07-02T19:27:43","guid":{"rendered":"https:\/\/atelier-aha.ch\/?page_id=74"},"modified":"2022-10-14T12:57:10","modified_gmt":"2022-10-14T11:57:10","slug":"die-kuenstlerin","status":"publish","type":"page","link":"https:\/\/atelier-aha.ch\/index.php\/die-kuenstlerin\/","title":{"rendered":"Die K\u00fcnstlerin"},"content":{"rendered":"\n<p><\/p>\n\n\n\n<p>Andrea Hangartner lebt und arbeitet seit \u00fcber 30 Jahren am Z\u00fcrichsee, zuerst 20 Jahre im Atelier in Uetikon am See, seit 2022 im neuen Atelier aha in M\u00e4nnedorf.<\/p>\n\n\n\n<p>Ihre Freude an der Farbe, den Kompositionen und der Dynamik des Malprozesses ist unver\u00e4ndert geblieben.<\/p>\n\n\n\n<figure class=\"wp-block-gallery has-nested-images columns-default is-cropped wp-block-gallery-1 is-layout-flex wp-block-gallery-is-layout-flex\">\n<figure class=\"wp-block-image size-large\"><img fetchpriority=\"high\" decoding=\"async\" width=\"1024\" height=\"768\" data-id=\"307\" src=\"https:\/\/atelier-aha.ch\/wp-content\/uploads\/signal-2022-07-09-17-15-38-066-1-1024x768.jpg\" alt=\"\" class=\"wp-image-307\" srcset=\"https:\/\/atelier-aha.ch\/wp-content\/uploads\/signal-2022-07-09-17-15-38-066-1-1024x768.jpg 1024w, https:\/\/atelier-aha.ch\/wp-content\/uploads\/signal-2022-07-09-17-15-38-066-1-300x225.jpg 300w, https:\/\/atelier-aha.ch\/wp-content\/uploads\/signal-2022-07-09-17-15-38-066-1-768x576.jpg 768w, https:\/\/atelier-aha.ch\/wp-content\/uploads\/signal-2022-07-09-17-15-38-066-1-1536x1152.jpg 1536w, https:\/\/atelier-aha.ch\/wp-content\/uploads\/signal-2022-07-09-17-15-38-066-1-1240x930.jpg 1240w, https:\/\/atelier-aha.ch\/wp-content\/uploads\/signal-2022-07-09-17-15-38-066-1-508x381.jpg 508w, https:\/\/atelier-aha.ch\/wp-content\/uploads\/signal-2022-07-09-17-15-38-066-1.jpg 2048w\" sizes=\"(max-width: 1024px) 100vw, 1024px\" \/><\/figure>\n\n\n\n<figure class=\"wp-block-image size-large\"><img decoding=\"async\" width=\"1024\" height=\"833\" data-id=\"309\" src=\"https:\/\/atelier-aha.ch\/wp-content\/uploads\/signal-2022-07-09-17-15-38-066-2-1024x833.jpg\" alt=\"\" class=\"wp-image-309\" srcset=\"https:\/\/atelier-aha.ch\/wp-content\/uploads\/signal-2022-07-09-17-15-38-066-2-1024x833.jpg 1024w, https:\/\/atelier-aha.ch\/wp-content\/uploads\/signal-2022-07-09-17-15-38-066-2-300x244.jpg 300w, https:\/\/atelier-aha.ch\/wp-content\/uploads\/signal-2022-07-09-17-15-38-066-2-768x625.jpg 768w, https:\/\/atelier-aha.ch\/wp-content\/uploads\/signal-2022-07-09-17-15-38-066-2-1536x1250.jpg 1536w, https:\/\/atelier-aha.ch\/wp-content\/uploads\/signal-2022-07-09-17-15-38-066-2-1240x1009.jpg 1240w, https:\/\/atelier-aha.ch\/wp-content\/uploads\/signal-2022-07-09-17-15-38-066-2-508x413.jpg 508w, https:\/\/atelier-aha.ch\/wp-content\/uploads\/signal-2022-07-09-17-15-38-066-2.jpg 2048w\" sizes=\"(max-width: 1024px) 100vw, 1024px\" \/><\/figure>\n\n\n\n<figure class=\"wp-block-image size-large\"><img decoding=\"async\" width=\"848\" height=\"1024\" data-id=\"308\" src=\"https:\/\/atelier-aha.ch\/wp-content\/uploads\/signal-2022-07-09-17-15-38-066-848x1024.jpg\" alt=\"\" class=\"wp-image-308\" srcset=\"https:\/\/atelier-aha.ch\/wp-content\/uploads\/signal-2022-07-09-17-15-38-066-848x1024.jpg 848w, https:\/\/atelier-aha.ch\/wp-content\/uploads\/signal-2022-07-09-17-15-38-066-248x300.jpg 248w, https:\/\/atelier-aha.ch\/wp-content\/uploads\/signal-2022-07-09-17-15-38-066-768x928.jpg 768w, https:\/\/atelier-aha.ch\/wp-content\/uploads\/signal-2022-07-09-17-15-38-066-1271x1536.jpg 1271w, https:\/\/atelier-aha.ch\/wp-content\/uploads\/signal-2022-07-09-17-15-38-066-1240x1498.jpg 1240w, https:\/\/atelier-aha.ch\/wp-content\/uploads\/signal-2022-07-09-17-15-38-066-508x614.jpg 508w, https:\/\/atelier-aha.ch\/wp-content\/uploads\/signal-2022-07-09-17-15-38-066.jpg 1695w\" sizes=\"(max-width: 848px) 100vw, 848px\" \/><\/figure>\n<\/figure>\n\n\n\n<div data-wp-interactive=\"core\/file\" class=\"wp-block-file\"><object data-wp-bind--hidden=\"!state.hasPdfPreview\" hidden class=\"wp-block-file__embed\" data=\"https:\/\/atelier-aha.ch\/wp-content\/uploads\/Ausstellungslebenslauf-AndreaHangartner.pdf\" type=\"application\/pdf\" style=\"width:100%;height:600px\" aria-label=\"Einbettung von Einbettung von Ausstellungslebenslauf-AndreaHangartner..\"><\/object><a id=\"wp-block-file--media-f739687d-66a4-46cc-9606-675c37e240a9\" href=\"https:\/\/atelier-aha.ch\/wp-content\/uploads\/Ausstellungslebenslauf-AndreaHangartner.pdf\">Ausstellungslebenslauf-AndreaHangartner<\/a><a href=\"https:\/\/atelier-aha.ch\/wp-content\/uploads\/Ausstellungslebenslauf-AndreaHangartner.pdf\" class=\"wp-block-file__button\" download aria-describedby=\"wp-block-file--media-f739687d-66a4-46cc-9606-675c37e240a9\">Herunterladen<\/a><\/div>\n\n\n\n<div class=\"wp-block-buttons is-layout-flex wp-block-buttons-is-layout-flex\"><\/div>\n","protected":false},"excerpt":{"rendered":"<p>Andrea Hangartner lebt und arbeitet seit \u00fcber 30 Jahren am Z\u00fcrichsee, zuerst 20 Jahre im Atelier in Uetikon am See, seit 2022 im neuen Atelier aha in M\u00e4nnedorf. Ihre Freude an der Farbe, den Kompositionen und der Dynamik des Malprozesses ist unver\u00e4ndert geblieben.<\/p>\n","protected":false},"author":1,"featured_media":0,"parent":0,"menu_order":0,"comment_status":"closed","ping_status":"closed","template":"","meta":{"footnotes":""},"class_list":["post-74","page","type-page","status-publish","hentry"],"_links":{"self":[{"href":"https:\/\/atelier-aha.ch\/index.php\/wp-json\/wp\/v2\/pages\/74","targetHints":{"allow":["GET"]}}],"collection":[{"href":"https:\/\/atelier-aha.ch\/index.php\/wp-json\/wp\/v2\/pages"}],"about":[{"href":"https:\/\/atelier-aha.ch\/index.php\/wp-json\/wp\/v2\/types\/page"}],"author":[{"embeddable":true,"href":"https:\/\/atelier-aha.ch\/index.php\/wp-json\/wp\/v2\/users\/1"}],"replies":[{"embeddable":true,"href":"https:\/\/atelier-aha.ch\/index.php\/wp-json\/wp\/v2\/comments?post=74"}],"version-history":[{"count":16,"href":"https:\/\/atelier-aha.ch\/index.php\/wp-json\/wp\/v2\/pages\/74\/revisions"}],"predecessor-version":[{"id":328,"href":"https:\/\/atelier-aha.ch\/index.php\/wp-json\/wp\/v2\/pages\/74\/revisions\/328"}],"wp:attachment":[{"href":"https:\/\/atelier-aha.ch\/index.php\/wp-json\/wp\/v2\/media?parent=74"}],"curies":[{"name":"wp","href":"https:\/\/api.w.org\/{rel}","templated":true}]}}